{"id":203,"date":"2026-01-19T15:10:27","date_gmt":"2026-01-19T14:10:27","guid":{"rendered":"https:\/\/drinkersparadise.uefa.sz-ybbs.ac.at\/?post_type=product&#038;p=203"},"modified":"2026-01-19T15:22:57","modified_gmt":"2026-01-19T14:22:57","slug":"frizzante-rose","status":"publish","type":"product","link":"https:\/\/drinkersparadise.uefa.sz-ybbs.ac.at\/?product=frizzante-rose","title":{"rendered":"Frizzante Ros\u00e9"},"content":{"rendered":"<p data-start=\"27\" data-end=\"257\">Der <strong data-start=\"31\" data-end=\"49\">Frizzante Ros\u00e9<\/strong> ist ein spritziger, leichter Ros\u00e9wein mit feinperliger Kohlens\u00e4ure und fruchtigen Aromen. Er besticht durch seine Frische und eignet sich ideal als Aperitif, zu leichten Speisen oder f\u00fcr gesellige Anl\u00e4sse.<\/p>\n<p data-start=\"259\" data-end=\"280\"><strong data-start=\"259\" data-end=\"278\">Produktdetails:<\/strong><\/p>\n<ul data-start=\"281\" data-end=\"360\" data-is-last-node=\"\" data-is-only-node=\"\">\n<li data-start=\"281\" data-end=\"304\">\n<p data-start=\"283\" data-end=\"304\">Artikelnummer: 5007<\/p>\n<\/li>\n<li data-start=\"305\" data-end=\"326\">\n<p data-start=\"307\" data-end=\"326\">Inhalt: 1 Flasche<\/p>\n<\/li>\n<\/ul>\n","protected":false},"excerpt":{"rendered":"<p>Der Frizzante Ros\u00e9 ist ein spritziger, leichter Ros\u00e9wein mit feinperliger Kohlens\u00e4ure und fruchtigen Aromen. Er besticht durch seine Frische und eignet sich ideal als Aperitif, zu leichten Speisen oder f\u00fcr gesellige Anl\u00e4sse. Produktdetails: Artikelnummer: 5007 Inhalt: 1 Flasche<\/p>\n","protected":false},"featured_media":224,"comment_status":"open","ping_status":"closed","template":"","meta":[],"product_brand":[],"product_cat":[22],"product_tag":[],"class_list":{"0":"post-203","1":"product","2":"type-product","3":"status-publish","4":"has-post-thumbnail","6":"product_cat-wein","8":"first","9":"instock","10":"shipping-taxable","11":"purchasable","12":"product-type-simple"},"yoast_head":"<!-- This site is optimized with the Yoast SEO plugin v27.1.1 - https:\/\/yoast.com\/product\/yoast-seo-wordpress\/ -->\n<title>Frizzante Ros\u00e9 - Drinker&#039;s Paradise<\/title>\n<meta name=\"robots\" content=\"index, follow, max-snippet:-1, max-image-preview:large, max-video-preview:-1\" \/>\n<link rel=\"canonical\" href=\"https:\/\/drinkersparadise.uefa.sz-ybbs.ac.at\/?product=frizzante-rose\" \/>\n<meta property=\"og:locale\" content=\"de_DE\" \/>\n<meta property=\"og:type\" content=\"article\" \/>\n<meta property=\"og:title\" content=\"Frizzante Ros\u00e9 - Drinker&#039;s Paradise\" \/>\n<meta property=\"og:description\" content=\"Der Frizzante Ros\u00e9 ist ein spritziger, leichter Ros\u00e9wein mit feinperliger Kohlens\u00e4ure und fruchtigen Aromen. Er besticht durch seine Frische und eignet sich ideal als Aperitif, zu leichten Speisen oder f\u00fcr gesellige Anl\u00e4sse. Produktdetails: Artikelnummer: 5007 Inhalt: 1 Flasche\" \/>\n<meta property=\"og:url\" content=\"https:\/\/drinkersparadise.uefa.sz-ybbs.ac.at\/?product=frizzante-rose\" \/>\n<meta property=\"og:site_name\" content=\"Drinker&#039;s Paradise\" \/>\n<meta property=\"article:modified_time\" content=\"2026-01-19T14:22:57+00:00\" \/>\n<meta property=\"og:image\" content=\"https:\/\/drinkersparadise.uefa.sz-ybbs.ac.at\/wp-content\/uploads\/2026\/01\/frizzate-elfenhof.png\" \/>\n\t<meta property=\"og:image:width\" content=\"350\" \/>\n\t<meta property=\"og:image:height\" content=\"350\" \/>\n\t<meta property=\"og:image:type\" content=\"image\/png\" \/>\n<meta name=\"twitter:card\" content=\"summary_large_image\" \/>\n<script type=\"application\/ld+json\" class=\"yoast-schema-graph\">{\"@context\":\"https:\/\/schema.org\",\"@graph\":[{\"@type\":\"WebPage\",\"@id\":\"https:\/\/drinkersparadise.uefa.sz-ybbs.ac.at\/?product=frizzante-rose\",\"url\":\"https:\/\/drinkersparadise.uefa.sz-ybbs.ac.at\/?product=frizzante-rose\",\"name\":\"Frizzante Ros\u00e9 - Drinker&#039;s Paradise\",\"isPartOf\":{\"@id\":\"https:\/\/drinkersparadise.uefa.sz-ybbs.ac.at\/#website\"},\"primaryImageOfPage\":{\"@id\":\"https:\/\/drinkersparadise.uefa.sz-ybbs.ac.at\/?product=frizzante-rose#primaryimage\"},\"image\":{\"@id\":\"https:\/\/drinkersparadise.uefa.sz-ybbs.ac.at\/?product=frizzante-rose#primaryimage\"},\"thumbnailUrl\":\"https:\/\/drinkersparadise.uefa.sz-ybbs.ac.at\/wp-content\/uploads\/2026\/01\/frizzate-elfenhof.png\",\"datePublished\":\"2026-01-19T14:10:27+00:00\",\"dateModified\":\"2026-01-19T14:22:57+00:00\",\"breadcrumb\":{\"@id\":\"https:\/\/drinkersparadise.uefa.sz-ybbs.ac.at\/?product=frizzante-rose#breadcrumb\"},\"inLanguage\":\"de-AT\",\"potentialAction\":[{\"@type\":\"ReadAction\",\"target\":[\"https:\/\/drinkersparadise.uefa.sz-ybbs.ac.at\/?product=frizzante-rose\"]}]},{\"@type\":\"ImageObject\",\"inLanguage\":\"de-AT\",\"@id\":\"https:\/\/drinkersparadise.uefa.sz-ybbs.ac.at\/?product=frizzante-rose#primaryimage\",\"url\":\"https:\/\/drinkersparadise.uefa.sz-ybbs.ac.at\/wp-content\/uploads\/2026\/01\/frizzate-elfenhof.png\",\"contentUrl\":\"https:\/\/drinkersparadise.uefa.sz-ybbs.ac.at\/wp-content\/uploads\/2026\/01\/frizzate-elfenhof.png\",\"width\":350,\"height\":350,\"caption\":\"frizzate elfenhof\"},{\"@type\":\"BreadcrumbList\",\"@id\":\"https:\/\/drinkersparadise.uefa.sz-ybbs.ac.at\/?product=frizzante-rose#breadcrumb\",\"itemListElement\":[{\"@type\":\"ListItem\",\"position\":1,\"name\":\"Startseite\",\"item\":\"https:\/\/drinkersparadise.uefa.sz-ybbs.ac.at\/\"},{\"@type\":\"ListItem\",\"position\":2,\"name\":\"Shop\",\"item\":\"https:\/\/drinkersparadise.uefa.sz-ybbs.ac.at\/?page_id=8\"},{\"@type\":\"ListItem\",\"position\":3,\"name\":\"Frizzante Ros\u00e9\"}]},{\"@type\":\"WebSite\",\"@id\":\"https:\/\/drinkersparadise.uefa.sz-ybbs.ac.at\/#website\",\"url\":\"https:\/\/drinkersparadise.uefa.sz-ybbs.ac.at\/\",\"name\":\"Drinker&#039;s Paradise\",\"description\":\"\",\"potentialAction\":[{\"@type\":\"SearchAction\",\"target\":{\"@type\":\"EntryPoint\",\"urlTemplate\":\"https:\/\/drinkersparadise.uefa.sz-ybbs.ac.at\/?s={search_term_string}\"},\"query-input\":{\"@type\":\"PropertyValueSpecification\",\"valueRequired\":true,\"valueName\":\"search_term_string\"}}],\"inLanguage\":\"de-AT\"}]}<\/script>\n<!-- \/ Yoast SEO plugin. -->","yoast_head_json":{"title":"Frizzante Ros\u00e9 - Drinker&#039;s Paradise","robots":{"index":"index","follow":"follow","max-snippet":"max-snippet:-1","max-image-preview":"max-image-preview:large","max-video-preview":"max-video-preview:-1"},"canonical":"https:\/\/drinkersparadise.uefa.sz-ybbs.ac.at\/?product=frizzante-rose","og_locale":"de_DE","og_type":"article","og_title":"Frizzante Ros\u00e9 - Drinker&#039;s Paradise","og_description":"Der Frizzante Ros\u00e9 ist ein spritziger, leichter Ros\u00e9wein mit feinperliger Kohlens\u00e4ure und fruchtigen Aromen. Er besticht durch seine Frische und eignet sich ideal als Aperitif, zu leichten Speisen oder f\u00fcr gesellige Anl\u00e4sse. Produktdetails: Artikelnummer: 5007 Inhalt: 1 Flasche","og_url":"https:\/\/drinkersparadise.uefa.sz-ybbs.ac.at\/?product=frizzante-rose","og_site_name":"Drinker&#039;s Paradise","article_modified_time":"2026-01-19T14:22:57+00:00","og_image":[{"width":350,"height":350,"url":"https:\/\/drinkersparadise.uefa.sz-ybbs.ac.at\/wp-content\/uploads\/2026\/01\/frizzate-elfenhof.png","type":"image\/png"}],"twitter_card":"summary_large_image","schema":{"@context":"https:\/\/schema.org","@graph":[{"@type":"WebPage","@id":"https:\/\/drinkersparadise.uefa.sz-ybbs.ac.at\/?product=frizzante-rose","url":"https:\/\/drinkersparadise.uefa.sz-ybbs.ac.at\/?product=frizzante-rose","name":"Frizzante Ros\u00e9 - Drinker&#039;s Paradise","isPartOf":{"@id":"https:\/\/drinkersparadise.uefa.sz-ybbs.ac.at\/#website"},"primaryImageOfPage":{"@id":"https:\/\/drinkersparadise.uefa.sz-ybbs.ac.at\/?product=frizzante-rose#primaryimage"},"image":{"@id":"https:\/\/drinkersparadise.uefa.sz-ybbs.ac.at\/?product=frizzante-rose#primaryimage"},"thumbnailUrl":"https:\/\/drinkersparadise.uefa.sz-ybbs.ac.at\/wp-content\/uploads\/2026\/01\/frizzate-elfenhof.png","datePublished":"2026-01-19T14:10:27+00:00","dateModified":"2026-01-19T14:22:57+00:00","breadcrumb":{"@id":"https:\/\/drinkersparadise.uefa.sz-ybbs.ac.at\/?product=frizzante-rose#breadcrumb"},"inLanguage":"de-AT","potentialAction":[{"@type":"ReadAction","target":["https:\/\/drinkersparadise.uefa.sz-ybbs.ac.at\/?product=frizzante-rose"]}]},{"@type":"ImageObject","inLanguage":"de-AT","@id":"https:\/\/drinkersparadise.uefa.sz-ybbs.ac.at\/?product=frizzante-rose#primaryimage","url":"https:\/\/drinkersparadise.uefa.sz-ybbs.ac.at\/wp-content\/uploads\/2026\/01\/frizzate-elfenhof.png","contentUrl":"https:\/\/drinkersparadise.uefa.sz-ybbs.ac.at\/wp-content\/uploads\/2026\/01\/frizzate-elfenhof.png","width":350,"height":350,"caption":"frizzate elfenhof"},{"@type":"BreadcrumbList","@id":"https:\/\/drinkersparadise.uefa.sz-ybbs.ac.at\/?product=frizzante-rose#breadcrumb","itemListElement":[{"@type":"ListItem","position":1,"name":"Startseite","item":"https:\/\/drinkersparadise.uefa.sz-ybbs.ac.at\/"},{"@type":"ListItem","position":2,"name":"Shop","item":"https:\/\/drinkersparadise.uefa.sz-ybbs.ac.at\/?page_id=8"},{"@type":"ListItem","position":3,"name":"Frizzante Ros\u00e9"}]},{"@type":"WebSite","@id":"https:\/\/drinkersparadise.uefa.sz-ybbs.ac.at\/#website","url":"https:\/\/drinkersparadise.uefa.sz-ybbs.ac.at\/","name":"Drinker&#039;s Paradise","description":"","potentialAction":[{"@type":"SearchAction","target":{"@type":"EntryPoint","urlTemplate":"https:\/\/drinkersparadise.uefa.sz-ybbs.ac.at\/?s={search_term_string}"},"query-input":{"@type":"PropertyValueSpecification","valueRequired":true,"valueName":"search_term_string"}}],"inLanguage":"de-AT"}]}},"_links":{"self":[{"href":"https:\/\/drinkersparadise.uefa.sz-ybbs.ac.at\/index.php?rest_route=\/wp\/v2\/product\/203","targetHints":{"allow":["GET"]}}],"collection":[{"href":"https:\/\/drinkersparadise.uefa.sz-ybbs.ac.at\/index.php?rest_route=\/wp\/v2\/product"}],"about":[{"href":"https:\/\/drinkersparadise.uefa.sz-ybbs.ac.at\/index.php?rest_route=\/wp\/v2\/types\/product"}],"replies":[{"embeddable":true,"href":"https:\/\/drinkersparadise.uefa.sz-ybbs.ac.at\/index.php?rest_route=%2Fwp%2Fv2%2Fcomments&post=203"}],"wp:featuredmedia":[{"embeddable":true,"href":"https:\/\/drinkersparadise.uefa.sz-ybbs.ac.at\/index.php?rest_route=\/wp\/v2\/media\/224"}],"wp:attachment":[{"href":"https:\/\/drinkersparadise.uefa.sz-ybbs.ac.at\/index.php?rest_route=%2Fwp%2Fv2%2Fmedia&parent=203"}],"wp:term":[{"taxonomy":"product_brand","embeddable":true,"href":"https:\/\/drinkersparadise.uefa.sz-ybbs.ac.at\/index.php?rest_route=%2Fwp%2Fv2%2Fproduct_brand&post=203"},{"taxonomy":"product_cat","embeddable":true,"href":"https:\/\/drinkersparadise.uefa.sz-ybbs.ac.at\/index.php?rest_route=%2Fwp%2Fv2%2Fproduct_cat&post=203"},{"taxonomy":"product_tag","embeddable":true,"href":"https:\/\/drinkersparadise.uefa.sz-ybbs.ac.at\/index.php?rest_route=%2Fwp%2Fv2%2Fproduct_tag&post=203"}],"curies":[{"name":"wp","href":"https:\/\/api.w.org\/{rel}","templated":true}]}}