{"id":201,"date":"2026-01-19T15:06:48","date_gmt":"2026-01-19T14:06:48","guid":{"rendered":"https:\/\/drinkersparadise.uefa.sz-ybbs.ac.at\/?post_type=product&#038;p=201"},"modified":"2026-01-21T09:59:15","modified_gmt":"2026-01-21T08:59:15","slug":"gruener-veltliner-smaragd-honigvogel-2023-dm-im-ohk","status":"publish","type":"product","link":"https:\/\/drinkersparadise.uefa.sz-ybbs.ac.at\/?product=gruener-veltliner-smaragd-honigvogel-2023-dm-im-ohk","title":{"rendered":"Gr\u00fcner Veltliner Smaragd Honivogl"},"content":{"rendered":"<p data-start=\"27\" data-end=\"369\">Der <strong data-start=\"31\" data-end=\"85\">Gr\u00fcner Veltliner Smaragd Honivogl 2023 DM im OHK<\/strong> ist ein eleganter Wei\u00dfwein mit charakteristischer Frische, feiner W\u00fcrze und lebendiger Struktur. Sein harmonisches S\u00e4urespiel und die ausgewogenen Fruchtaromen machen ihn zum idealen Begleiter f\u00fcr Fischgerichte, leichte Vorspeisen oder als stilvoller Genuss zu besonderen Anl\u00e4ssen.<\/p>\n<p data-start=\"371\" data-end=\"392\"><strong data-start=\"371\" data-end=\"390\">Produktdetails:<\/strong><\/p>\n<ul data-start=\"393\" data-end=\"513\" data-is-last-node=\"\" data-is-only-node=\"\">\n<li data-start=\"393\" data-end=\"416\">\n<p data-start=\"395\" data-end=\"416\">Artikelnummer: 5001<\/p>\n<\/li>\n<li data-start=\"417\" data-end=\"435\">\n<p data-start=\"419\" data-end=\"435\">Jahrgang: 2023<\/p>\n<\/li>\n<li data-start=\"470\" data-end=\"513\" data-is-last-node=\"\">\n<p data-start=\"472\" data-end=\"513\" data-is-last-node=\"\">Verpackung: OHK (Original-Herstellkarton)<\/p>\n<\/li>\n<\/ul>\n","protected":false},"excerpt":{"rendered":"<p>Der Gr\u00fcner Veltliner Smaragd Honivogl 2023 DM im OHK ist ein eleganter Wei\u00dfwein mit charakteristischer Frische, feiner W\u00fcrze und lebendiger Struktur. Sein harmonisches S\u00e4urespiel und die ausgewogenen Fruchtaromen machen ihn zum idealen Begleiter f\u00fcr Fischgerichte, leichte Vorspeisen oder als stilvoller Genuss zu besonderen Anl\u00e4ssen. Produktdetails: Artikelnummer: 5001 Jahrgang: 2023 Verpackung: OHK (Original-Herstellkarton)<\/p>\n","protected":false},"featured_media":226,"comment_status":"open","ping_status":"closed","template":"","meta":[],"product_brand":[],"product_cat":[22],"product_tag":[],"class_list":{"0":"post-201","1":"product","2":"type-product","3":"status-publish","4":"has-post-thumbnail","6":"product_cat-wein","8":"first","9":"instock","10":"shipping-taxable","11":"purchasable","12":"product-type-simple"},"yoast_head":"<!-- This site is optimized with the Yoast SEO plugin v27.1.1 - https:\/\/yoast.com\/product\/yoast-seo-wordpress\/ -->\n<title>Gr\u00fcner Veltliner Smaragd Honivogl - Drinker&#039;s Paradise<\/title>\n<meta name=\"robots\" content=\"index, follow, max-snippet:-1, max-image-preview:large, max-video-preview:-1\" \/>\n<link rel=\"canonical\" href=\"https:\/\/drinkersparadise.uefa.sz-ybbs.ac.at\/?product=gruener-veltliner-smaragd-honigvogel-2023-dm-im-ohk\" \/>\n<meta property=\"og:locale\" content=\"de_DE\" \/>\n<meta property=\"og:type\" content=\"article\" \/>\n<meta property=\"og:title\" content=\"Gr\u00fcner Veltliner Smaragd Honivogl - Drinker&#039;s Paradise\" \/>\n<meta property=\"og:description\" content=\"Der Gr\u00fcner Veltliner Smaragd Honivogl 2023 DM im OHK ist ein eleganter Wei\u00dfwein mit charakteristischer Frische, feiner W\u00fcrze und lebendiger Struktur. Sein harmonisches S\u00e4urespiel und die ausgewogenen Fruchtaromen machen ihn zum idealen Begleiter f\u00fcr Fischgerichte, leichte Vorspeisen oder als stilvoller Genuss zu besonderen Anl\u00e4ssen. Produktdetails: Artikelnummer: 5001 Jahrgang: 2023 Verpackung: OHK (Original-Herstellkarton)\" \/>\n<meta property=\"og:url\" content=\"https:\/\/drinkersparadise.uefa.sz-ybbs.ac.at\/?product=gruener-veltliner-smaragd-honigvogel-2023-dm-im-ohk\" \/>\n<meta property=\"og:site_name\" content=\"Drinker&#039;s Paradise\" \/>\n<meta property=\"article:modified_time\" content=\"2026-01-21T08:59:15+00:00\" \/>\n<meta property=\"og:image\" content=\"https:\/\/drinkersparadise.uefa.sz-ybbs.ac.at\/wp-content\/uploads\/2026\/01\/honivogl.png\" \/>\n\t<meta property=\"og:image:width\" content=\"350\" \/>\n\t<meta property=\"og:image:height\" content=\"350\" \/>\n\t<meta property=\"og:image:type\" content=\"image\/png\" \/>\n<meta name=\"twitter:card\" content=\"summary_large_image\" \/>\n<script type=\"application\/ld+json\" class=\"yoast-schema-graph\">{\"@context\":\"https:\/\/schema.org\",\"@graph\":[{\"@type\":\"WebPage\",\"@id\":\"https:\/\/drinkersparadise.uefa.sz-ybbs.ac.at\/?product=gruener-veltliner-smaragd-honigvogel-2023-dm-im-ohk\",\"url\":\"https:\/\/drinkersparadise.uefa.sz-ybbs.ac.at\/?product=gruener-veltliner-smaragd-honigvogel-2023-dm-im-ohk\",\"name\":\"Gr\u00fcner Veltliner Smaragd Honivogl - Drinker&#039;s Paradise\",\"isPartOf\":{\"@id\":\"https:\/\/drinkersparadise.uefa.sz-ybbs.ac.at\/#website\"},\"primaryImageOfPage\":{\"@id\":\"https:\/\/drinkersparadise.uefa.sz-ybbs.ac.at\/?product=gruener-veltliner-smaragd-honigvogel-2023-dm-im-ohk#primaryimage\"},\"image\":{\"@id\":\"https:\/\/drinkersparadise.uefa.sz-ybbs.ac.at\/?product=gruener-veltliner-smaragd-honigvogel-2023-dm-im-ohk#primaryimage\"},\"thumbnailUrl\":\"https:\/\/drinkersparadise.uefa.sz-ybbs.ac.at\/wp-content\/uploads\/2026\/01\/honivogl.png\",\"datePublished\":\"2026-01-19T14:06:48+00:00\",\"dateModified\":\"2026-01-21T08:59:15+00:00\",\"breadcrumb\":{\"@id\":\"https:\/\/drinkersparadise.uefa.sz-ybbs.ac.at\/?product=gruener-veltliner-smaragd-honigvogel-2023-dm-im-ohk#breadcrumb\"},\"inLanguage\":\"de-AT\",\"potentialAction\":[{\"@type\":\"ReadAction\",\"target\":[\"https:\/\/drinkersparadise.uefa.sz-ybbs.ac.at\/?product=gruener-veltliner-smaragd-honigvogel-2023-dm-im-ohk\"]}]},{\"@type\":\"ImageObject\",\"inLanguage\":\"de-AT\",\"@id\":\"https:\/\/drinkersparadise.uefa.sz-ybbs.ac.at\/?product=gruener-veltliner-smaragd-honigvogel-2023-dm-im-ohk#primaryimage\",\"url\":\"https:\/\/drinkersparadise.uefa.sz-ybbs.ac.at\/wp-content\/uploads\/2026\/01\/honivogl.png\",\"contentUrl\":\"https:\/\/drinkersparadise.uefa.sz-ybbs.ac.at\/wp-content\/uploads\/2026\/01\/honivogl.png\",\"width\":350,\"height\":350,\"caption\":\"honivogl\"},{\"@type\":\"BreadcrumbList\",\"@id\":\"https:\/\/drinkersparadise.uefa.sz-ybbs.ac.at\/?product=gruener-veltliner-smaragd-honigvogel-2023-dm-im-ohk#breadcrumb\",\"itemListElement\":[{\"@type\":\"ListItem\",\"position\":1,\"name\":\"Startseite\",\"item\":\"https:\/\/drinkersparadise.uefa.sz-ybbs.ac.at\/\"},{\"@type\":\"ListItem\",\"position\":2,\"name\":\"Shop\",\"item\":\"https:\/\/drinkersparadise.uefa.sz-ybbs.ac.at\/?page_id=8\"},{\"@type\":\"ListItem\",\"position\":3,\"name\":\"Gr\u00fcner Veltliner Smaragd Honivogl\"}]},{\"@type\":\"WebSite\",\"@id\":\"https:\/\/drinkersparadise.uefa.sz-ybbs.ac.at\/#website\",\"url\":\"https:\/\/drinkersparadise.uefa.sz-ybbs.ac.at\/\",\"name\":\"Drinker&#039;s Paradise\",\"description\":\"\",\"potentialAction\":[{\"@type\":\"SearchAction\",\"target\":{\"@type\":\"EntryPoint\",\"urlTemplate\":\"https:\/\/drinkersparadise.uefa.sz-ybbs.ac.at\/?s={search_term_string}\"},\"query-input\":{\"@type\":\"PropertyValueSpecification\",\"valueRequired\":true,\"valueName\":\"search_term_string\"}}],\"inLanguage\":\"de-AT\"}]}<\/script>\n<!-- \/ Yoast SEO plugin. -->","yoast_head_json":{"title":"Gr\u00fcner Veltliner Smaragd Honivogl - Drinker&#039;s Paradise","robots":{"index":"index","follow":"follow","max-snippet":"max-snippet:-1","max-image-preview":"max-image-preview:large","max-video-preview":"max-video-preview:-1"},"canonical":"https:\/\/drinkersparadise.uefa.sz-ybbs.ac.at\/?product=gruener-veltliner-smaragd-honigvogel-2023-dm-im-ohk","og_locale":"de_DE","og_type":"article","og_title":"Gr\u00fcner Veltliner Smaragd Honivogl - Drinker&#039;s Paradise","og_description":"Der Gr\u00fcner Veltliner Smaragd Honivogl 2023 DM im OHK ist ein eleganter Wei\u00dfwein mit charakteristischer Frische, feiner W\u00fcrze und lebendiger Struktur. Sein harmonisches S\u00e4urespiel und die ausgewogenen Fruchtaromen machen ihn zum idealen Begleiter f\u00fcr Fischgerichte, leichte Vorspeisen oder als stilvoller Genuss zu besonderen Anl\u00e4ssen. Produktdetails: Artikelnummer: 5001 Jahrgang: 2023 Verpackung: OHK (Original-Herstellkarton)","og_url":"https:\/\/drinkersparadise.uefa.sz-ybbs.ac.at\/?product=gruener-veltliner-smaragd-honigvogel-2023-dm-im-ohk","og_site_name":"Drinker&#039;s Paradise","article_modified_time":"2026-01-21T08:59:15+00:00","og_image":[{"width":350,"height":350,"url":"https:\/\/drinkersparadise.uefa.sz-ybbs.ac.at\/wp-content\/uploads\/2026\/01\/honivogl.png","type":"image\/png"}],"twitter_card":"summary_large_image","schema":{"@context":"https:\/\/schema.org","@graph":[{"@type":"WebPage","@id":"https:\/\/drinkersparadise.uefa.sz-ybbs.ac.at\/?product=gruener-veltliner-smaragd-honigvogel-2023-dm-im-ohk","url":"https:\/\/drinkersparadise.uefa.sz-ybbs.ac.at\/?product=gruener-veltliner-smaragd-honigvogel-2023-dm-im-ohk","name":"Gr\u00fcner Veltliner Smaragd Honivogl - Drinker&#039;s Paradise","isPartOf":{"@id":"https:\/\/drinkersparadise.uefa.sz-ybbs.ac.at\/#website"},"primaryImageOfPage":{"@id":"https:\/\/drinkersparadise.uefa.sz-ybbs.ac.at\/?product=gruener-veltliner-smaragd-honigvogel-2023-dm-im-ohk#primaryimage"},"image":{"@id":"https:\/\/drinkersparadise.uefa.sz-ybbs.ac.at\/?product=gruener-veltliner-smaragd-honigvogel-2023-dm-im-ohk#primaryimage"},"thumbnailUrl":"https:\/\/drinkersparadise.uefa.sz-ybbs.ac.at\/wp-content\/uploads\/2026\/01\/honivogl.png","datePublished":"2026-01-19T14:06:48+00:00","dateModified":"2026-01-21T08:59:15+00:00","breadcrumb":{"@id":"https:\/\/drinkersparadise.uefa.sz-ybbs.ac.at\/?product=gruener-veltliner-smaragd-honigvogel-2023-dm-im-ohk#breadcrumb"},"inLanguage":"de-AT","potentialAction":[{"@type":"ReadAction","target":["https:\/\/drinkersparadise.uefa.sz-ybbs.ac.at\/?product=gruener-veltliner-smaragd-honigvogel-2023-dm-im-ohk"]}]},{"@type":"ImageObject","inLanguage":"de-AT","@id":"https:\/\/drinkersparadise.uefa.sz-ybbs.ac.at\/?product=gruener-veltliner-smaragd-honigvogel-2023-dm-im-ohk#primaryimage","url":"https:\/\/drinkersparadise.uefa.sz-ybbs.ac.at\/wp-content\/uploads\/2026\/01\/honivogl.png","contentUrl":"https:\/\/drinkersparadise.uefa.sz-ybbs.ac.at\/wp-content\/uploads\/2026\/01\/honivogl.png","width":350,"height":350,"caption":"honivogl"},{"@type":"BreadcrumbList","@id":"https:\/\/drinkersparadise.uefa.sz-ybbs.ac.at\/?product=gruener-veltliner-smaragd-honigvogel-2023-dm-im-ohk#breadcrumb","itemListElement":[{"@type":"ListItem","position":1,"name":"Startseite","item":"https:\/\/drinkersparadise.uefa.sz-ybbs.ac.at\/"},{"@type":"ListItem","position":2,"name":"Shop","item":"https:\/\/drinkersparadise.uefa.sz-ybbs.ac.at\/?page_id=8"},{"@type":"ListItem","position":3,"name":"Gr\u00fcner Veltliner Smaragd Honivogl"}]},{"@type":"WebSite","@id":"https:\/\/drinkersparadise.uefa.sz-ybbs.ac.at\/#website","url":"https:\/\/drinkersparadise.uefa.sz-ybbs.ac.at\/","name":"Drinker&#039;s Paradise","description":"","potentialAction":[{"@type":"SearchAction","target":{"@type":"EntryPoint","urlTemplate":"https:\/\/drinkersparadise.uefa.sz-ybbs.ac.at\/?s={search_term_string}"},"query-input":{"@type":"PropertyValueSpecification","valueRequired":true,"valueName":"search_term_string"}}],"inLanguage":"de-AT"}]}},"_links":{"self":[{"href":"https:\/\/drinkersparadise.uefa.sz-ybbs.ac.at\/index.php?rest_route=\/wp\/v2\/product\/201","targetHints":{"allow":["GET"]}}],"collection":[{"href":"https:\/\/drinkersparadise.uefa.sz-ybbs.ac.at\/index.php?rest_route=\/wp\/v2\/product"}],"about":[{"href":"https:\/\/drinkersparadise.uefa.sz-ybbs.ac.at\/index.php?rest_route=\/wp\/v2\/types\/product"}],"replies":[{"embeddable":true,"href":"https:\/\/drinkersparadise.uefa.sz-ybbs.ac.at\/index.php?rest_route=%2Fwp%2Fv2%2Fcomments&post=201"}],"wp:featuredmedia":[{"embeddable":true,"href":"https:\/\/drinkersparadise.uefa.sz-ybbs.ac.at\/index.php?rest_route=\/wp\/v2\/media\/226"}],"wp:attachment":[{"href":"https:\/\/drinkersparadise.uefa.sz-ybbs.ac.at\/index.php?rest_route=%2Fwp%2Fv2%2Fmedia&parent=201"}],"wp:term":[{"taxonomy":"product_brand","embeddable":true,"href":"https:\/\/drinkersparadise.uefa.sz-ybbs.ac.at\/index.php?rest_route=%2Fwp%2Fv2%2Fproduct_brand&post=201"},{"taxonomy":"product_cat","embeddable":true,"href":"https:\/\/drinkersparadise.uefa.sz-ybbs.ac.at\/index.php?rest_route=%2Fwp%2Fv2%2Fproduct_cat&post=201"},{"taxonomy":"product_tag","embeddable":true,"href":"https:\/\/drinkersparadise.uefa.sz-ybbs.ac.at\/index.php?rest_route=%2Fwp%2Fv2%2Fproduct_tag&post=201"}],"curies":[{"name":"wp","href":"https:\/\/api.w.org\/{rel}","templated":true}]}}