{"id":139,"date":"2026-01-12T13:04:02","date_gmt":"2026-01-12T12:04:02","guid":{"rendered":"https:\/\/drinkersparadise.uefa.sz-ybbs.ac.at\/?page_id=139"},"modified":"2026-03-02T13:26:44","modified_gmt":"2026-03-02T12:26:44","slug":"impressum","status":"publish","type":"page","link":"https:\/\/drinkersparadise.uefa.sz-ybbs.ac.at\/?page_id=139","title":{"rendered":"Impressum"},"content":{"rendered":"\n<p><strong>\u00dcBUNGSFIRMA DES SCHULZENTRUM YBBS<\/strong><\/p>\n\n\n\n<p><strong>Informationspflicht laut \u00a7 5 E-Commerce Gesetz, \u00a7 14 Unternehmensgesetzbuch, \u00a7 63 Gewerbeordnung und Offenlegungspflicht laut \u00a7 25 Mediengesetz.<br><\/strong><\/p>\n\n\n\n<p><strong>Unternehmensgegenstand<\/strong><br>Handel mit Getr\u00e4nke und weiteren Genussmitteln<\/p>\n\n\n\n<p>Drinker&#8217;s Paradise GmbH<br><strong>Rechtsform:<\/strong>&nbsp;Gesellschaft mit beschr\u00e4nkter Haftung<br><\/p>\n\n\n\n<p><strong>Firmensitz:<\/strong>&nbsp;Schulring 1,&nbsp;3370 Ybbs an der Donau<br><strong>E-Mail:<\/strong>&nbsp;<a href=\"mailto:drinkersparadise2759@uebungsfirmen.at\">drinkersparadise2759@uebungsfirmen.at<\/a><br><strong>Tel:<\/strong>&nbsp; +43 7412 552575<br><\/p>\n\n\n\n<p><strong>FB-Nummer:<\/strong>&nbsp;2759<br><\/p>\n\n\n\n<p><strong>Gerichtsstand:<\/strong>&nbsp;ACT Gericht Wien<\/p>\n\n\n\n<p><strong>UID-Nummer:<\/strong>&nbsp;ATU50275973<\/p>\n\n\n\n<p><strong>Arbeitszeiten:<\/strong>&nbsp;Montag 12:45 &#8211; 16:05 Uhr<br><strong>Gesch\u00e4ftsf\u00fchrer:<\/strong>&nbsp;Bugl Stefan BEd MA, Ballwein Eleonora Mag.<\/p>\n\n\n\n<p><strong>Kammervertretung:&nbsp;<\/strong>Mitglied der ACT Wirtschaftskammer<\/p>\n\n\n\n<p><strong>Rechtsvorschriften\/ Berufsrecht:<\/strong>&nbsp;Gewerbeordnung www.ris.bka.gv.at<\/p>\n\n\n\n<p><strong>Aufsichtsbeh\u00f6rde\/ Gewerbebeh\u00f6rde:&nbsp;<\/strong>ACT Gewerbebeh\u00f6rde<\/p>\n\n\n\n<p><strong>Berufsbezeichnung:&nbsp;<\/strong>Handelsbetrieb<\/p>\n\n\n\n<p><strong>Verleihungsstaat:<\/strong>&nbsp;\u00d6sterreich<\/p>\n\n\n\n<p><\/p>\n\n\n\n<hr class=\"wp-block-separator has-alpha-channel-opacity\"\/>\n\n\n\n<p><strong>Rechte<\/strong><br>Alle Rechte an der Webseite und den Bildern liegen beim Schulzentrum Ybbs. Das Kopieren oder die Verwendung von Fotos oder Textausz\u00fcgen ist nur mit ausdr\u00fccklicher Genehmigung des Schulzentrums gestattet.<\/p>\n\n\n\n<hr class=\"wp-block-separator has-alpha-channel-opacity\"\/>\n\n\n\n<p><strong>Verweise und Links<\/strong><br>Bei direkten oder indirekten Verweisen auf fremde Webseiten (Hyperlinks), die au\u00dferhalb des Verantwortungsbereiches des Autors liegen, w\u00fcrde eine Haftungsverpflichtung ausschlie\u00dflich in dem Fall in Kraft treten, in dem der Autor von den Inhalten Kenntnis hat und es ihm technisch m\u00f6glich und zumutbar w\u00e4re, die Nutzung im Falle rechtswidriger Inhalte zu verhindern. Der Autor erkl\u00e4rt hiermit ausdr\u00fccklich, das zum Zeitpunkt der Linksetzung keine illegalen Inhalte auf den zu verlinkenden Seiten erkennbar waren. Auf die aktuelle und zuk\u00fcnftige Gestaltung, die Inhalte oder die Urheberschaft der gelinkten\/verkn\u00fcpften Seiten hat der Autor keinerlei Einflu\u00df. Deshalb distanziert er sich hiermit ausdr\u00fccklich von allen Inhalten aller gelinkten\/verkn\u00fcpften Seiten, die nach der Linksetzung ver\u00e4ndert wurden. Diese Feststellung gilt f\u00fcr alle innerhalb des eigenen Internetangebotes gesetzten Links und Verweise sowie f\u00fcr Fremdeintr\u00e4ge in vom Autor eingerichteten G\u00e4steb\u00fcchern, Diskussionsforen, Linkverzeichnissen, Mailinglisten und in allen anderen Formen von Datenbanken, auf deren Inhalt externe Schreibzugriffe m\u00f6glich sind. F\u00fcr illegale, fehlerhafte oder unvollst\u00e4ndige Inhalte und insbesondere f\u00fcr Sch\u00e4den, die aus der Nutzung oder Nichtnutzung solcherart dargebotener Informationen entstehen, haftet allein der Anbieter der Seite, auf welche verwiesen wurde, nicht derjenige, der \u00fcber Links auf die jeweilige Ver\u00f6ffentlichung lediglich verweist.<\/p>\n","protected":false},"excerpt":{"rendered":"<p>\u00dcBUNGSFIRMA DES SCHULZENTRUM YBBS Informationspflicht laut \u00a7 5 E-Commerce Gesetz, \u00a7 14 Unternehmensgesetzbuch, \u00a7 63 Gewerbeordnung und Offenlegungspflicht laut \u00a7 25 Mediengesetz. UnternehmensgegenstandHandel mit Getr\u00e4nke und weiteren Genussmitteln Drinker&#8217;s Paradise GmbHRechtsform:&nbsp;Gesellschaft mit beschr\u00e4nkter Haftung Firmensitz:&nbsp;Schulring 1,&nbsp;3370 Ybbs an der DonauE-Mail:&nbsp;drinkersparadise2759@uebungsfirmen.atTel:&nbsp; +43 7412 552575 FB-Nummer:&nbsp;2759 Gerichtsstand:&nbsp;ACT Gericht Wien UID-Nummer:&nbsp;ATU50275973 Arbeitszeiten:&nbsp;Montag 12:45 &#8211; 16:05 UhrGesch\u00e4ftsf\u00fchrer:&nbsp;Bugl Stefan BEd [&hellip;]<\/p>\n","protected":false},"author":1,"featured_media":0,"parent":0,"menu_order":0,"comment_status":"closed","ping_status":"closed","template":"","meta":{"footnotes":""},"class_list":["post-139","page","type-page","status-publish","hentry"],"yoast_head":"<!-- This site is optimized with the Yoast SEO plugin v27.1.1 - https:\/\/yoast.com\/product\/yoast-seo-wordpress\/ -->\n<title>Impressum - Drinker&#039;s Paradise<\/title>\n<meta name=\"robots\" content=\"index, follow, max-snippet:-1, max-image-preview:large, max-video-preview:-1\" \/>\n<link rel=\"canonical\" href=\"https:\/\/drinkersparadise.uefa.sz-ybbs.ac.at\/?page_id=139\" \/>\n<meta property=\"og:locale\" content=\"de_DE\" \/>\n<meta property=\"og:type\" content=\"article\" \/>\n<meta property=\"og:title\" content=\"Impressum - Drinker&#039;s Paradise\" \/>\n<meta property=\"og:description\" content=\"\u00dcBUNGSFIRMA DES SCHULZENTRUM YBBS Informationspflicht laut \u00a7 5 E-Commerce Gesetz, \u00a7 14 Unternehmensgesetzbuch, \u00a7 63 Gewerbeordnung und Offenlegungspflicht laut \u00a7 25 Mediengesetz. UnternehmensgegenstandHandel mit Getr\u00e4nke und weiteren Genussmitteln Drinker&#8217;s Paradise GmbHRechtsform:&nbsp;Gesellschaft mit beschr\u00e4nkter Haftung Firmensitz:&nbsp;Schulring 1,&nbsp;3370 Ybbs an der DonauE-Mail:&nbsp;drinkersparadise2759@uebungsfirmen.atTel:&nbsp; +43 7412 552575 FB-Nummer:&nbsp;2759 Gerichtsstand:&nbsp;ACT Gericht Wien UID-Nummer:&nbsp;ATU50275973 Arbeitszeiten:&nbsp;Montag 12:45 &#8211; 16:05 UhrGesch\u00e4ftsf\u00fchrer:&nbsp;Bugl Stefan BEd [&hellip;]\" \/>\n<meta property=\"og:url\" content=\"https:\/\/drinkersparadise.uefa.sz-ybbs.ac.at\/?page_id=139\" \/>\n<meta property=\"og:site_name\" content=\"Drinker&#039;s Paradise\" \/>\n<meta property=\"article:modified_time\" content=\"2026-03-02T12:26:44+00:00\" \/>\n<meta name=\"twitter:card\" content=\"summary_large_image\" \/>\n<meta name=\"twitter:label1\" content=\"Gesch\u00e4tzte Lesezeit\" \/>\n\t<meta name=\"twitter:data1\" content=\"2 Minuten\" \/>\n<script type=\"application\/ld+json\" class=\"yoast-schema-graph\">{\"@context\":\"https:\/\/schema.org\",\"@graph\":[{\"@type\":\"WebPage\",\"@id\":\"https:\/\/drinkersparadise.uefa.sz-ybbs.ac.at\/?page_id=139\",\"url\":\"https:\/\/drinkersparadise.uefa.sz-ybbs.ac.at\/?page_id=139\",\"name\":\"Impressum - Drinker&#039;s Paradise\",\"isPartOf\":{\"@id\":\"https:\/\/drinkersparadise.uefa.sz-ybbs.ac.at\/#website\"},\"datePublished\":\"2026-01-12T12:04:02+00:00\",\"dateModified\":\"2026-03-02T12:26:44+00:00\",\"breadcrumb\":{\"@id\":\"https:\/\/drinkersparadise.uefa.sz-ybbs.ac.at\/?page_id=139#breadcrumb\"},\"inLanguage\":\"de-AT\",\"potentialAction\":[{\"@type\":\"ReadAction\",\"target\":[\"https:\/\/drinkersparadise.uefa.sz-ybbs.ac.at\/?page_id=139\"]}]},{\"@type\":\"BreadcrumbList\",\"@id\":\"https:\/\/drinkersparadise.uefa.sz-ybbs.ac.at\/?page_id=139#breadcrumb\",\"itemListElement\":[{\"@type\":\"ListItem\",\"position\":1,\"name\":\"Startseite\",\"item\":\"https:\/\/drinkersparadise.uefa.sz-ybbs.ac.at\/\"},{\"@type\":\"ListItem\",\"position\":2,\"name\":\"Impressum\"}]},{\"@type\":\"WebSite\",\"@id\":\"https:\/\/drinkersparadise.uefa.sz-ybbs.ac.at\/#website\",\"url\":\"https:\/\/drinkersparadise.uefa.sz-ybbs.ac.at\/\",\"name\":\"Drinker&#039;s Paradise\",\"description\":\"\",\"potentialAction\":[{\"@type\":\"SearchAction\",\"target\":{\"@type\":\"EntryPoint\",\"urlTemplate\":\"https:\/\/drinkersparadise.uefa.sz-ybbs.ac.at\/?s={search_term_string}\"},\"query-input\":{\"@type\":\"PropertyValueSpecification\",\"valueRequired\":true,\"valueName\":\"search_term_string\"}}],\"inLanguage\":\"de-AT\"}]}<\/script>\n<!-- \/ Yoast SEO plugin. -->","yoast_head_json":{"title":"Impressum - Drinker&#039;s Paradise","robots":{"index":"index","follow":"follow","max-snippet":"max-snippet:-1","max-image-preview":"max-image-preview:large","max-video-preview":"max-video-preview:-1"},"canonical":"https:\/\/drinkersparadise.uefa.sz-ybbs.ac.at\/?page_id=139","og_locale":"de_DE","og_type":"article","og_title":"Impressum - Drinker&#039;s Paradise","og_description":"\u00dcBUNGSFIRMA DES SCHULZENTRUM YBBS Informationspflicht laut \u00a7 5 E-Commerce Gesetz, \u00a7 14 Unternehmensgesetzbuch, \u00a7 63 Gewerbeordnung und Offenlegungspflicht laut \u00a7 25 Mediengesetz. UnternehmensgegenstandHandel mit Getr\u00e4nke und weiteren Genussmitteln Drinker&#8217;s Paradise GmbHRechtsform:&nbsp;Gesellschaft mit beschr\u00e4nkter Haftung Firmensitz:&nbsp;Schulring 1,&nbsp;3370 Ybbs an der DonauE-Mail:&nbsp;drinkersparadise2759@uebungsfirmen.atTel:&nbsp; +43 7412 552575 FB-Nummer:&nbsp;2759 Gerichtsstand:&nbsp;ACT Gericht Wien UID-Nummer:&nbsp;ATU50275973 Arbeitszeiten:&nbsp;Montag 12:45 &#8211; 16:05 UhrGesch\u00e4ftsf\u00fchrer:&nbsp;Bugl Stefan BEd [&hellip;]","og_url":"https:\/\/drinkersparadise.uefa.sz-ybbs.ac.at\/?page_id=139","og_site_name":"Drinker&#039;s Paradise","article_modified_time":"2026-03-02T12:26:44+00:00","twitter_card":"summary_large_image","twitter_misc":{"Gesch\u00e4tzte Lesezeit":"2 Minuten"},"schema":{"@context":"https:\/\/schema.org","@graph":[{"@type":"WebPage","@id":"https:\/\/drinkersparadise.uefa.sz-ybbs.ac.at\/?page_id=139","url":"https:\/\/drinkersparadise.uefa.sz-ybbs.ac.at\/?page_id=139","name":"Impressum - Drinker&#039;s Paradise","isPartOf":{"@id":"https:\/\/drinkersparadise.uefa.sz-ybbs.ac.at\/#website"},"datePublished":"2026-01-12T12:04:02+00:00","dateModified":"2026-03-02T12:26:44+00:00","breadcrumb":{"@id":"https:\/\/drinkersparadise.uefa.sz-ybbs.ac.at\/?page_id=139#breadcrumb"},"inLanguage":"de-AT","potentialAction":[{"@type":"ReadAction","target":["https:\/\/drinkersparadise.uefa.sz-ybbs.ac.at\/?page_id=139"]}]},{"@type":"BreadcrumbList","@id":"https:\/\/drinkersparadise.uefa.sz-ybbs.ac.at\/?page_id=139#breadcrumb","itemListElement":[{"@type":"ListItem","position":1,"name":"Startseite","item":"https:\/\/drinkersparadise.uefa.sz-ybbs.ac.at\/"},{"@type":"ListItem","position":2,"name":"Impressum"}]},{"@type":"WebSite","@id":"https:\/\/drinkersparadise.uefa.sz-ybbs.ac.at\/#website","url":"https:\/\/drinkersparadise.uefa.sz-ybbs.ac.at\/","name":"Drinker&#039;s Paradise","description":"","potentialAction":[{"@type":"SearchAction","target":{"@type":"EntryPoint","urlTemplate":"https:\/\/drinkersparadise.uefa.sz-ybbs.ac.at\/?s={search_term_string}"},"query-input":{"@type":"PropertyValueSpecification","valueRequired":true,"valueName":"search_term_string"}}],"inLanguage":"de-AT"}]}},"_links":{"self":[{"href":"https:\/\/drinkersparadise.uefa.sz-ybbs.ac.at\/index.php?rest_route=\/wp\/v2\/pages\/139","targetHints":{"allow":["GET"]}}],"collection":[{"href":"https:\/\/drinkersparadise.uefa.sz-ybbs.ac.at\/index.php?rest_route=\/wp\/v2\/pages"}],"about":[{"href":"https:\/\/drinkersparadise.uefa.sz-ybbs.ac.at\/index.php?rest_route=\/wp\/v2\/types\/page"}],"author":[{"embeddable":true,"href":"https:\/\/drinkersparadise.uefa.sz-ybbs.ac.at\/index.php?rest_route=\/wp\/v2\/users\/1"}],"replies":[{"embeddable":true,"href":"https:\/\/drinkersparadise.uefa.sz-ybbs.ac.at\/index.php?rest_route=%2Fwp%2Fv2%2Fcomments&post=139"}],"version-history":[{"count":3,"href":"https:\/\/drinkersparadise.uefa.sz-ybbs.ac.at\/index.php?rest_route=\/wp\/v2\/pages\/139\/revisions"}],"predecessor-version":[{"id":334,"href":"https:\/\/drinkersparadise.uefa.sz-ybbs.ac.at\/index.php?rest_route=\/wp\/v2\/pages\/139\/revisions\/334"}],"wp:attachment":[{"href":"https:\/\/drinkersparadise.uefa.sz-ybbs.ac.at\/index.php?rest_route=%2Fwp%2Fv2%2Fmedia&parent=139"}],"curies":[{"name":"wp","href":"https:\/\/api.w.org\/{rel}","templated":true}]}}